{"id":59,"date":"2020-05-07T11:38:34","date_gmt":"2020-05-07T09:38:34","guid":{"rendered":"https:\/\/demo.sitestart.sk\/hairdresser\/?page_id=59"},"modified":"2020-05-07T12:43:35","modified_gmt":"2020-05-07T10:43:35","slug":"contact","status":"publish","type":"page","link":"https:\/\/demo.sitestart.sk\/hairdresser\/contact\/","title":{"rendered":"Contact"},"content":{"rendered":"\n\t<h1>\n\t\t\t\tContact us\n\t\t\t<\/h1>\n\t<p>Praesent volutpat, nisi et condimentum congue, orci ligula maximus tortor, luctus feugiat risus leo a nulla. <strong>Nullam vehicula erat magna, gravida iaculis ipsum lobortis vel.<\/strong><\/p>\n\t\t\t\t Monday\t\t\t\t\n\t\t\t\t 8:30 AM &#8211; 7:30 PM\t\t\t\t\n\t\t\t\t Tuesday\t\t\t\t\n\t\t\t\t 8:30 AM &#8211; 7:30 PM\t\t\t\t\n\t\t\t\t Wednesday\t\t\t\t\n\t\t\t\t 8:30 AM &#8211; 7:30 PM\t\t\t\t\n\t\t\t\t Thursday\t\t\t\t\n\t\t\t\t 8:30 AM &#8211; 7:30 PM\t\t\t\t\n\t\t\t\t Friday\t\t\t\t\n\t\t\t\t 8:30 AM &#8211; 7:30 PM\t\t\t\t\n\t\t\t\t Saturday\t\t\t\t\n\t\t\t\t Closed\t\t\t\t\n\t\t\t\t Sunday\t\t\t\t\n\t\t\t\t Closed\t\t\t\t\n\t<ul>\n\t\t<li>\t\t\t\t\n\t\t<h3>Phone number<\/h3 ><p>Enter description text here.<\/p><\/li><li>\t\t\t\t\n\t\t<h3>Email<\/h3 ><p>Enter description text here.<\/p><\/li><li>\t\t\t\t\n\t\t<h3>Address<\/h3 ><p>Enter description text here.<\/p><\/li><li>\t\t\t\t\n\t\t<h3>Contact person<\/h3 ><p>Enter description text here.<\/p><\/li>\t<\/ul>\n\t<iframe loading=\"lazy\" src=\"https:\/\/www.google.com\/maps\/embed?pb=!1m18!1m12!1m3!1d81474.61424606566!2d7.5185153326462455!3d50.34638161451989!2m3!1f0!2f0!3f0!3m2!1i1024!2i768!4f13.1!3m3!1m2!1s0x47be7b5776237d9d%3A0x422d4d510dab360!2sKoblenz!5e0!3m2!1ssk!2sde!4v1587988485279!5m2!1ssk!2sde\" width=\"1920\" height=\"500\" frameborder=\"0\" allowfullscreen=\"\" aria-hidden=\"false\" tabindex=\"0\"><\/iframe>\n\t<h2>\n\t\t\t\tGet the<br>perfect style\n\t\t\t<\/h2>\n\t<p>Lorem ipsum dolor sit amet, consectetur adipiscing elit. Maecenas cursus sollicitudin neque in tempus. <strong>Phasellus cursus varius nibh ut rutrum.<\/strong> Donec sit amet dapibus metus. Duis quis diam vel lectus suscipit hendrerit sed eleifend diam. Pellentesque habitant morbi tristique senectus et netus et malesuada fames ac turpis egestas.<\/p>\n\t\t\t\t<img decoding=\"async\" src=\"https:\/\/demo.sitestart.sk\/hairdresser\/wp-content\/uploads\/2020\/04\/woman-curling-another-woman-s-hair-3268732-scaled.jpg\" alt=\"woman-curling-another-woman-s-hair-3268732\" title=\"woman-curling-another-woman-s-hair-3268732\" itemprop=\"image\"  \/>\n\t<h2>\n\t\t\t\tOur services\n\t\t\t<\/h2>\n\t<p>Lorem ipsum dolor sit amet, consectetur adipiscing elit. Maecenas cursus sollicitudin neque in tempus. <strong>Phasellus cursus varius nibh ut rutrum.<\/strong> Donec sit amet dapibus metus. Duis quis diam vel lectus suscipit hendrerit sed eleifend diam. Pellentesque habitant morbi tristique senectus et netus et malesuada fames ac turpis egestas.<\/p>\n\t\t\t\t\t\t\t\t\t\t\t<img decoding=\"async\" src=\"https:\/\/demo.sitestart.sk\/hairdresser\/wp-content\/uploads\/2020\/04\/men-having-their-haircut-1813272.jpg\" alt=\"men-having-their-haircut-1813272\">\n\t\t\t\t\t<p>Enter description text here.<\/p>\t\t\t\t\t\n\t\t\t<a href=\"\" target=\"_self\" role=\"button\" rel=\"noopener noreferrer\">\n\t\t\t\t\t\t\tClick Here\n\t\t<\/a>\n\t\t\t\t\t\t<h3>\n\t\t\t\t\t\tService 1\t\t<\/h3>\n\t\t\t\t\t\t\t\t\t\t\t<img decoding=\"async\" src=\"https:\/\/demo.sitestart.sk\/hairdresser\/wp-content\/uploads\/2020\/04\/woman-wearing-white-long-sleeved-shirt-973401.jpg\" alt=\"woman-wearing-white-long-sleeved-shirt-973401\">\n\t\t\t\t\t<p>Enter description text here.<\/p>\t\t\t\t\t\n\t\t\t<a href=\"\" target=\"_self\" role=\"button\" rel=\"noopener noreferrer\">\n\t\t\t\t\t\t\tClick Here\n\t\t<\/a>\n\t\t\t\t\t\t<h3>\n\t\t\t\t\t\tService 2\t\t<\/h3>\n\t\t\t\t\t\t\t\t\t\t\t<img decoding=\"async\" src=\"https:\/\/demo.sitestart.sk\/hairdresser\/wp-content\/uploads\/2020\/04\/woman-1281830_1920.jpg\" alt=\"woman-1281830_1920\">\n\t\t\t\t\t<p>Enter description text here.<\/p>\t\t\t\t\t\n\t\t\t<a href=\"\" target=\"_self\" role=\"button\" rel=\"noopener noreferrer\">\n\t\t\t\t\t\t\tClick Here\n\t\t<\/a>\n\t\t\t\t\t\t<h3>\n\t\t\t\t\t\tService 3\t\t<\/h3>\n\t<h2>\n\t\t\t\tInterested in our services?<br>Contact us\n\t\t\t<\/h2>\n\t\t\t<a href=\"#\" target=\"_self\" role=\"button\" rel=\"noopener noreferrer\">\n\t\t\t\t\t\t\tContact us\n\t\t<\/a>\n\t<h1>\n\t\t\t\tContact us\n\t\t\t<\/h1>\n\t\t<p>Get a reservation: 09739 8389 89<\/p>\t\n\t\t\t<a href=\"#\" target=\"_self\" role=\"button\" rel=\"noopener noreferrer\">\n\t\t\t\t\t\t\tDiscover more\n\t\t<\/a>\n\t<h2>\n\t\t\t\tOur gallery\n\t\t\t<\/h2>\n\t<p>Lorem ipsum dolor sit amet, consectetur adipiscing elit. Maecenas cursus sollicitudin neque in tempus. <strong>Phasellus cursus varius nibh ut rutrum.<\/strong> Donec sit amet dapibus metus. Duis quis diam vel lectus suscipit hendrerit sed eleifend diam. Pellentesque habitant morbi tristique senectus et netus et malesuada fames ac turpis egestas.<\/p>\n","protected":false},"excerpt":{"rendered":"<p>Contact us Praesent volutpat, nisi et condimentum congue, orci ligula maximus tortor, luctus feugiat risus leo a nulla. Nullam vehicula erat magna, gravida iaculis ipsum lobortis vel. Monday 8:30 AM &#8211; 7:30 PM Tuesday 8:30 AM &#8211; 7:30 PM Wednesday 8:30 AM &#8211; 7:30 PM Thursday 8:30 AM &#8211; 7:30 PM Friday 8:30 AM &#8211; &#8230; <a title=\"Contact\" class=\"read-more\" href=\"https:\/\/demo.sitestart.sk\/hairdresser\/contact\/\" aria-label=\"Pre\u010d\u00edtajte si viac o Contact\">\u010c\u00edta\u0165 viac<\/a><\/p>\n","protected":false},"author":1,"featured_media":0,"parent":0,"menu_order":0,"comment_status":"closed","ping_status":"closed","template":"","meta":{"footnotes":""},"yoast_head":"<!-- This site is optimized with the Yoast SEO plugin v22.8 - https:\/\/yoast.com\/wordpress\/plugins\/seo\/ -->\n<title>Contact - Hairdresser demo website<\/title>\n<meta name=\"robots\" content=\"noindex, follow, max-snippet:-1, max-image-preview:large, max-video-preview:-1\" \/>\n<meta property=\"og:locale\" content=\"sk_SK\" \/>\n<meta property=\"og:type\" content=\"article\" \/>\n<meta property=\"og:title\" content=\"Contact - Hairdresser demo website\" \/>\n<meta property=\"og:description\" content=\"Contact us Praesent volutpat, nisi et condimentum congue, orci ligula maximus tortor, luctus feugiat risus leo a nulla. Nullam vehicula erat magna, gravida iaculis ipsum lobortis vel. Monday 8:30 AM &#8211; 7:30 PM Tuesday 8:30 AM &#8211; 7:30 PM Wednesday 8:30 AM &#8211; 7:30 PM Thursday 8:30 AM &#8211; 7:30 PM Friday 8:30 AM &#8211; ... \u010c\u00edta\u0165 viac\" \/>\n<meta property=\"og:url\" content=\"https:\/\/demo.sitestart.sk\/hairdresser\/contact\/\" \/>\n<meta property=\"og:site_name\" content=\"Hairdresser demo website\" \/>\n<meta property=\"article:modified_time\" content=\"2020-05-07T10:43:35+00:00\" \/>\n<meta property=\"og:image\" content=\"https:\/\/demo.sitestart.sk\/hairdresser\/wp-content\/uploads\/2020\/04\/woman-curling-another-woman-s-hair-3268732-scaled.jpg\" \/>\n<meta name=\"twitter:card\" content=\"summary_large_image\" \/>\n<meta name=\"twitter:label1\" content=\"Predpokladan\u00fd \u010das \u010d\u00edtania\" \/>\n\t<meta name=\"twitter:data1\" content=\"1 min\u00fata\" \/>\n<script type=\"application\/ld+json\" class=\"yoast-schema-graph\">{\"@context\":\"https:\/\/schema.org\",\"@graph\":[{\"@type\":\"WebPage\",\"@id\":\"https:\/\/demo.sitestart.sk\/hairdresser\/contact\/\",\"url\":\"https:\/\/demo.sitestart.sk\/hairdresser\/contact\/\",\"name\":\"Contact - Hairdresser demo website\",\"isPartOf\":{\"@id\":\"https:\/\/demo.sitestart.sk\/hairdresser\/#website\"},\"primaryImageOfPage\":{\"@id\":\"https:\/\/demo.sitestart.sk\/hairdresser\/contact\/#primaryimage\"},\"image\":{\"@id\":\"https:\/\/demo.sitestart.sk\/hairdresser\/contact\/#primaryimage\"},\"thumbnailUrl\":\"https:\/\/demo.sitestart.sk\/hairdresser\/wp-content\/uploads\/2020\/04\/woman-curling-another-woman-s-hair-3268732-scaled.jpg\",\"datePublished\":\"2020-05-07T09:38:34+00:00\",\"dateModified\":\"2020-05-07T10:43:35+00:00\",\"breadcrumb\":{\"@id\":\"https:\/\/demo.sitestart.sk\/hairdresser\/contact\/#breadcrumb\"},\"inLanguage\":\"sk-SK\",\"potentialAction\":[{\"@type\":\"ReadAction\",\"target\":[\"https:\/\/demo.sitestart.sk\/hairdresser\/contact\/\"]}]},{\"@type\":\"ImageObject\",\"inLanguage\":\"sk-SK\",\"@id\":\"https:\/\/demo.sitestart.sk\/hairdresser\/contact\/#primaryimage\",\"url\":\"https:\/\/demo.sitestart.sk\/hairdresser\/wp-content\/uploads\/2020\/04\/woman-curling-another-woman-s-hair-3268732-scaled.jpg\",\"contentUrl\":\"https:\/\/demo.sitestart.sk\/hairdresser\/wp-content\/uploads\/2020\/04\/woman-curling-another-woman-s-hair-3268732-scaled.jpg\",\"width\":1707,\"height\":2560},{\"@type\":\"BreadcrumbList\",\"@id\":\"https:\/\/demo.sitestart.sk\/hairdresser\/contact\/#breadcrumb\",\"itemListElement\":[{\"@type\":\"ListItem\",\"position\":1,\"name\":\"Home\",\"item\":\"https:\/\/demo.sitestart.sk\/hairdresser\/\"},{\"@type\":\"ListItem\",\"position\":2,\"name\":\"Contact\"}]},{\"@type\":\"WebSite\",\"@id\":\"https:\/\/demo.sitestart.sk\/hairdresser\/#website\",\"url\":\"https:\/\/demo.sitestart.sk\/hairdresser\/\",\"name\":\"Hairdresser demo website\",\"description\":\"\",\"potentialAction\":[{\"@type\":\"SearchAction\",\"target\":{\"@type\":\"EntryPoint\",\"urlTemplate\":\"https:\/\/demo.sitestart.sk\/hairdresser\/?s={search_term_string}\"},\"query-input\":\"required name=search_term_string\"}],\"inLanguage\":\"sk-SK\"}]}<\/script>\n<!-- \/ Yoast SEO plugin. -->","yoast_head_json":{"title":"Contact - Hairdresser demo website","robots":{"index":"noindex","follow":"follow","max-snippet":"max-snippet:-1","max-image-preview":"max-image-preview:large","max-video-preview":"max-video-preview:-1"},"og_locale":"sk_SK","og_type":"article","og_title":"Contact - Hairdresser demo website","og_description":"Contact us Praesent volutpat, nisi et condimentum congue, orci ligula maximus tortor, luctus feugiat risus leo a nulla. Nullam vehicula erat magna, gravida iaculis ipsum lobortis vel. Monday 8:30 AM &#8211; 7:30 PM Tuesday 8:30 AM &#8211; 7:30 PM Wednesday 8:30 AM &#8211; 7:30 PM Thursday 8:30 AM &#8211; 7:30 PM Friday 8:30 AM &#8211; ... \u010c\u00edta\u0165 viac","og_url":"https:\/\/demo.sitestart.sk\/hairdresser\/contact\/","og_site_name":"Hairdresser demo website","article_modified_time":"2020-05-07T10:43:35+00:00","og_image":[{"url":"https:\/\/demo.sitestart.sk\/hairdresser\/wp-content\/uploads\/2020\/04\/woman-curling-another-woman-s-hair-3268732-scaled.jpg"}],"twitter_card":"summary_large_image","twitter_misc":{"Predpokladan\u00fd \u010das \u010d\u00edtania":"1 min\u00fata"},"schema":{"@context":"https:\/\/schema.org","@graph":[{"@type":"WebPage","@id":"https:\/\/demo.sitestart.sk\/hairdresser\/contact\/","url":"https:\/\/demo.sitestart.sk\/hairdresser\/contact\/","name":"Contact - Hairdresser demo website","isPartOf":{"@id":"https:\/\/demo.sitestart.sk\/hairdresser\/#website"},"primaryImageOfPage":{"@id":"https:\/\/demo.sitestart.sk\/hairdresser\/contact\/#primaryimage"},"image":{"@id":"https:\/\/demo.sitestart.sk\/hairdresser\/contact\/#primaryimage"},"thumbnailUrl":"https:\/\/demo.sitestart.sk\/hairdresser\/wp-content\/uploads\/2020\/04\/woman-curling-another-woman-s-hair-3268732-scaled.jpg","datePublished":"2020-05-07T09:38:34+00:00","dateModified":"2020-05-07T10:43:35+00:00","breadcrumb":{"@id":"https:\/\/demo.sitestart.sk\/hairdresser\/contact\/#breadcrumb"},"inLanguage":"sk-SK","potentialAction":[{"@type":"ReadAction","target":["https:\/\/demo.sitestart.sk\/hairdresser\/contact\/"]}]},{"@type":"ImageObject","inLanguage":"sk-SK","@id":"https:\/\/demo.sitestart.sk\/hairdresser\/contact\/#primaryimage","url":"https:\/\/demo.sitestart.sk\/hairdresser\/wp-content\/uploads\/2020\/04\/woman-curling-another-woman-s-hair-3268732-scaled.jpg","contentUrl":"https:\/\/demo.sitestart.sk\/hairdresser\/wp-content\/uploads\/2020\/04\/woman-curling-another-woman-s-hair-3268732-scaled.jpg","width":1707,"height":2560},{"@type":"BreadcrumbList","@id":"https:\/\/demo.sitestart.sk\/hairdresser\/contact\/#breadcrumb","itemListElement":[{"@type":"ListItem","position":1,"name":"Home","item":"https:\/\/demo.sitestart.sk\/hairdresser\/"},{"@type":"ListItem","position":2,"name":"Contact"}]},{"@type":"WebSite","@id":"https:\/\/demo.sitestart.sk\/hairdresser\/#website","url":"https:\/\/demo.sitestart.sk\/hairdresser\/","name":"Hairdresser demo website","description":"","potentialAction":[{"@type":"SearchAction","target":{"@type":"EntryPoint","urlTemplate":"https:\/\/demo.sitestart.sk\/hairdresser\/?s={search_term_string}"},"query-input":"required name=search_term_string"}],"inLanguage":"sk-SK"}]}},"_links":{"self":[{"href":"https:\/\/demo.sitestart.sk\/hairdresser\/wp-json\/wp\/v2\/pages\/59"}],"collection":[{"href":"https:\/\/demo.sitestart.sk\/hairdresser\/wp-json\/wp\/v2\/pages"}],"about":[{"href":"https:\/\/demo.sitestart.sk\/hairdresser\/wp-json\/wp\/v2\/types\/page"}],"author":[{"embeddable":true,"href":"https:\/\/demo.sitestart.sk\/hairdresser\/wp-json\/wp\/v2\/users\/1"}],"replies":[{"embeddable":true,"href":"https:\/\/demo.sitestart.sk\/hairdresser\/wp-json\/wp\/v2\/comments?post=59"}],"version-history":[{"count":6,"href":"https:\/\/demo.sitestart.sk\/hairdresser\/wp-json\/wp\/v2\/pages\/59\/revisions"}],"predecessor-version":[{"id":89,"href":"https:\/\/demo.sitestart.sk\/hairdresser\/wp-json\/wp\/v2\/pages\/59\/revisions\/89"}],"wp:attachment":[{"href":"https:\/\/demo.sitestart.sk\/hairdresser\/wp-json\/wp\/v2\/media?parent=59"}],"curies":[{"name":"wp","href":"https:\/\/api.w.org\/{rel}","templated":true}]}}