{"id":6,"date":"2020-04-28T15:42:06","date_gmt":"2020-04-28T13:42:06","guid":{"rendered":"https:\/\/demo.sitestart.sk\/hairdresser\/?page_id=6"},"modified":"2020-05-11T15:30:40","modified_gmt":"2020-05-11T13:30:40","slug":"domov","status":"publish","type":"page","link":"https:\/\/demo.sitestart.sk\/hairdresser\/","title":{"rendered":"Home"},"content":{"rendered":"\n<h1>\n\t\t\t\tYour best<br>hairdresser\n\t\t\t<\/h1>\n\t\t<p>Get a reservation: 09739 8389 89<\/p>\t\n\t\t\t<a href=\"#\" target=\"_self\" role=\"button\" rel=\"noopener noreferrer\">\n\t\t\t\t\t\t\tDiscover more\n\t\t<\/a>\n\t<h2>\n\t\t\t\tGet the<br>perfect style\n\t\t\t<\/h2>\n\t<p>Lorem ipsum dolor sit amet, consectetur adipiscing elit. Maecenas cursus sollicitudin neque in tempus. <strong>Phasellus cursus varius nibh ut rutrum.<\/strong> Donec sit amet dapibus metus. Duis quis diam vel lectus suscipit hendrerit sed eleifend diam. Pellentesque habitant morbi tristique senectus et netus et malesuada fames ac turpis egestas.<\/p>\n\t\t\t\t<img decoding=\"async\" src=\"https:\/\/demo.sitestart.sk\/hairdresser\/wp-content\/uploads\/2020\/04\/woman-curling-another-woman-s-hair-3268732-scaled.jpg\" alt=\"woman-curling-another-woman-s-hair-3268732\" title=\"woman-curling-another-woman-s-hair-3268732\" itemprop=\"image\">\n\t<h2>\n\t\t\t\tOur services\n\t\t\t<\/h2>\n\t<p>Lorem ipsum dolor sit amet, consectetur adipiscing elit. Maecenas cursus sollicitudin neque in tempus. <strong>Phasellus cursus varius nibh ut rutrum.<\/strong> Donec sit amet dapibus metus. Duis quis diam vel lectus suscipit hendrerit sed eleifend diam. Pellentesque habitant morbi tristique senectus et netus et malesuada fames ac turpis egestas.<\/p>\n\t\t\t\t\t\t\t\t\t\t\t<img decoding=\"async\" src=\"https:\/\/demo.sitestart.sk\/hairdresser\/wp-content\/uploads\/2020\/04\/men-having-their-haircut-1813272.jpg\" alt=\"men-having-their-haircut-1813272\">\n\t\t\t\t\t<p>Enter description text here.<\/p>\t\t\t\t\t\n\t\t\t<a href=\"\" target=\"_self\" role=\"button\" rel=\"noopener noreferrer\">\n\t\t\t\t\t\t\tClick Here\n\t\t<\/a>\n\t\t\t\t\t\t<h3>\n\t\t\t\t\t\tService 1\t\t<\/h3>\n\t\t\t\t\t\t\t\t\t\t\t<img decoding=\"async\" src=\"https:\/\/demo.sitestart.sk\/hairdresser\/wp-content\/uploads\/2020\/04\/woman-wearing-white-long-sleeved-shirt-973401.jpg\" alt=\"woman-wearing-white-long-sleeved-shirt-973401\">\n\t\t\t\t\t<p>Enter description text here.<\/p>\t\t\t\t\t\n\t\t\t<a href=\"\" target=\"_self\" role=\"button\" rel=\"noopener noreferrer\">\n\t\t\t\t\t\t\tClick Here\n\t\t<\/a>\n\t\t\t\t\t\t<h3>\n\t\t\t\t\t\tService 2\t\t<\/h3>\n\t\t\t\t\t\t\t\t\t\t\t<img decoding=\"async\" src=\"https:\/\/demo.sitestart.sk\/hairdresser\/wp-content\/uploads\/2020\/04\/woman-1281830_1920.jpg\" alt=\"woman-1281830_1920\">\n\t\t\t\t\t<p>Enter description text here.<\/p>\t\t\t\t\t\n\t\t\t<a href=\"\" target=\"_self\" role=\"button\" rel=\"noopener noreferrer\">\n\t\t\t\t\t\t\tClick Here\n\t\t<\/a>\n\t\t\t\t\t\t<h3>\n\t\t\t\t\t\tService 3\t\t<\/h3>\n\t<h2>\n\t\t\t\tInterested in our services?<br>Contact us\n\t\t\t<\/h2>\n\t\t\t<a href=\"#\" target=\"_self\" role=\"button\" rel=\"noopener noreferrer\">\n\t\t\t\t\t\t\tContact us\n\t\t<\/a>\n\t<h2>\n\t\t\t\tOur gallery\n\t\t\t<\/h2>\n\t<p>Lorem ipsum dolor sit amet, consectetur adipiscing elit. Maecenas cursus sollicitudin neque in tempus. <strong>Phasellus cursus varius nibh ut rutrum.<\/strong> Donec sit amet dapibus metus. Duis quis diam vel lectus suscipit hendrerit sed eleifend diam. Pellentesque habitant morbi tristique senectus et netus et malesuada fames ac turpis egestas.<\/p>\n","protected":false},"excerpt":{"rendered":"<p>Your besthairdresser Get a reservation: 09739 8389 89 Discover more Get theperfect style Lorem ipsum dolor sit amet, consectetur adipiscing elit. Maecenas cursus sollicitudin neque in tempus. Phasellus cursus varius nibh ut rutrum. Donec sit amet dapibus metus. Duis quis diam vel lectus suscipit hendrerit sed eleifend diam. Pellentesque habitant morbi tristique senectus et netus &#8230; <a title=\"Home\" class=\"read-more\" href=\"https:\/\/demo.sitestart.sk\/hairdresser\/\" aria-label=\"Pre\u010d\u00edtajte si viac o Home\">\u010c\u00edta\u0165 viac<\/a><\/p>\n","protected":false},"author":1,"featured_media":0,"parent":0,"menu_order":0,"comment_status":"closed","ping_status":"closed","template":"","meta":{"footnotes":""},"yoast_head":"<!-- This site is optimized with the Yoast SEO plugin v22.8 - https:\/\/yoast.com\/wordpress\/plugins\/seo\/ -->\n<title>Home - Hairdresser demo website<\/title>\n<meta name=\"robots\" content=\"noindex, follow, max-snippet:-1, max-image-preview:large, max-video-preview:-1\" \/>\n<meta property=\"og:locale\" content=\"sk_SK\" \/>\n<meta property=\"og:type\" content=\"article\" \/>\n<meta property=\"og:title\" content=\"Home - Hairdresser demo website\" \/>\n<meta property=\"og:description\" content=\"Your besthairdresser Get a reservation: 09739 8389 89 Discover more Get theperfect style Lorem ipsum dolor sit amet, consectetur adipiscing elit. Maecenas cursus sollicitudin neque in tempus. Phasellus cursus varius nibh ut rutrum. Donec sit amet dapibus metus. Duis quis diam vel lectus suscipit hendrerit sed eleifend diam. Pellentesque habitant morbi tristique senectus et netus ... \u010c\u00edta\u0165 viac\" \/>\n<meta property=\"og:url\" content=\"https:\/\/demo.sitestart.sk\/hairdresser\/\" \/>\n<meta property=\"og:site_name\" content=\"Hairdresser demo website\" \/>\n<meta property=\"article:modified_time\" content=\"2020-05-11T13:30:40+00:00\" \/>\n<meta property=\"og:image\" content=\"https:\/\/demo.sitestart.sk\/hairdresser\/wp-content\/uploads\/2020\/04\/woman-curling-another-woman-s-hair-3268732-scaled.jpg\" \/>\n<meta name=\"twitter:card\" content=\"summary_large_image\" \/>\n<meta name=\"twitter:label1\" content=\"Predpokladan\u00fd \u010das \u010d\u00edtania\" \/>\n\t<meta name=\"twitter:data1\" content=\"1 min\u00fata\" \/>\n<script type=\"application\/ld+json\" class=\"yoast-schema-graph\">{\"@context\":\"https:\/\/schema.org\",\"@graph\":[{\"@type\":\"WebPage\",\"@id\":\"https:\/\/demo.sitestart.sk\/hairdresser\/\",\"url\":\"https:\/\/demo.sitestart.sk\/hairdresser\/\",\"name\":\"Home - Hairdresser demo website\",\"isPartOf\":{\"@id\":\"https:\/\/demo.sitestart.sk\/hairdresser\/#website\"},\"primaryImageOfPage\":{\"@id\":\"https:\/\/demo.sitestart.sk\/hairdresser\/#primaryimage\"},\"image\":{\"@id\":\"https:\/\/demo.sitestart.sk\/hairdresser\/#primaryimage\"},\"thumbnailUrl\":\"https:\/\/demo.sitestart.sk\/hairdresser\/wp-content\/uploads\/2020\/04\/woman-curling-another-woman-s-hair-3268732-scaled.jpg\",\"datePublished\":\"2020-04-28T13:42:06+00:00\",\"dateModified\":\"2020-05-11T13:30:40+00:00\",\"breadcrumb\":{\"@id\":\"https:\/\/demo.sitestart.sk\/hairdresser\/#breadcrumb\"},\"inLanguage\":\"sk-SK\",\"potentialAction\":[{\"@type\":\"ReadAction\",\"target\":[\"https:\/\/demo.sitestart.sk\/hairdresser\/\"]}]},{\"@type\":\"ImageObject\",\"inLanguage\":\"sk-SK\",\"@id\":\"https:\/\/demo.sitestart.sk\/hairdresser\/#primaryimage\",\"url\":\"https:\/\/demo.sitestart.sk\/hairdresser\/wp-content\/uploads\/2020\/04\/woman-curling-another-woman-s-hair-3268732-scaled.jpg\",\"contentUrl\":\"https:\/\/demo.sitestart.sk\/hairdresser\/wp-content\/uploads\/2020\/04\/woman-curling-another-woman-s-hair-3268732-scaled.jpg\",\"width\":1707,\"height\":2560},{\"@type\":\"BreadcrumbList\",\"@id\":\"https:\/\/demo.sitestart.sk\/hairdresser\/#breadcrumb\",\"itemListElement\":[{\"@type\":\"ListItem\",\"position\":1,\"name\":\"Home\",\"item\":\"https:\/\/demo.sitestart.sk\/hairdresser\/\"},{\"@type\":\"ListItem\",\"position\":2,\"name\":\"Home\"}]},{\"@type\":\"WebSite\",\"@id\":\"https:\/\/demo.sitestart.sk\/hairdresser\/#website\",\"url\":\"https:\/\/demo.sitestart.sk\/hairdresser\/\",\"name\":\"Hairdresser demo website\",\"description\":\"\",\"potentialAction\":[{\"@type\":\"SearchAction\",\"target\":{\"@type\":\"EntryPoint\",\"urlTemplate\":\"https:\/\/demo.sitestart.sk\/hairdresser\/?s={search_term_string}\"},\"query-input\":\"required name=search_term_string\"}],\"inLanguage\":\"sk-SK\"}]}<\/script>\n<!-- \/ Yoast SEO plugin. -->","yoast_head_json":{"title":"Home - Hairdresser demo website","robots":{"index":"noindex","follow":"follow","max-snippet":"max-snippet:-1","max-image-preview":"max-image-preview:large","max-video-preview":"max-video-preview:-1"},"og_locale":"sk_SK","og_type":"article","og_title":"Home - Hairdresser demo website","og_description":"Your besthairdresser Get a reservation: 09739 8389 89 Discover more Get theperfect style Lorem ipsum dolor sit amet, consectetur adipiscing elit. Maecenas cursus sollicitudin neque in tempus. Phasellus cursus varius nibh ut rutrum. Donec sit amet dapibus metus. Duis quis diam vel lectus suscipit hendrerit sed eleifend diam. Pellentesque habitant morbi tristique senectus et netus ... \u010c\u00edta\u0165 viac","og_url":"https:\/\/demo.sitestart.sk\/hairdresser\/","og_site_name":"Hairdresser demo website","article_modified_time":"2020-05-11T13:30:40+00:00","og_image":[{"url":"https:\/\/demo.sitestart.sk\/hairdresser\/wp-content\/uploads\/2020\/04\/woman-curling-another-woman-s-hair-3268732-scaled.jpg"}],"twitter_card":"summary_large_image","twitter_misc":{"Predpokladan\u00fd \u010das \u010d\u00edtania":"1 min\u00fata"},"schema":{"@context":"https:\/\/schema.org","@graph":[{"@type":"WebPage","@id":"https:\/\/demo.sitestart.sk\/hairdresser\/","url":"https:\/\/demo.sitestart.sk\/hairdresser\/","name":"Home - Hairdresser demo website","isPartOf":{"@id":"https:\/\/demo.sitestart.sk\/hairdresser\/#website"},"primaryImageOfPage":{"@id":"https:\/\/demo.sitestart.sk\/hairdresser\/#primaryimage"},"image":{"@id":"https:\/\/demo.sitestart.sk\/hairdresser\/#primaryimage"},"thumbnailUrl":"https:\/\/demo.sitestart.sk\/hairdresser\/wp-content\/uploads\/2020\/04\/woman-curling-another-woman-s-hair-3268732-scaled.jpg","datePublished":"2020-04-28T13:42:06+00:00","dateModified":"2020-05-11T13:30:40+00:00","breadcrumb":{"@id":"https:\/\/demo.sitestart.sk\/hairdresser\/#breadcrumb"},"inLanguage":"sk-SK","potentialAction":[{"@type":"ReadAction","target":["https:\/\/demo.sitestart.sk\/hairdresser\/"]}]},{"@type":"ImageObject","inLanguage":"sk-SK","@id":"https:\/\/demo.sitestart.sk\/hairdresser\/#primaryimage","url":"https:\/\/demo.sitestart.sk\/hairdresser\/wp-content\/uploads\/2020\/04\/woman-curling-another-woman-s-hair-3268732-scaled.jpg","contentUrl":"https:\/\/demo.sitestart.sk\/hairdresser\/wp-content\/uploads\/2020\/04\/woman-curling-another-woman-s-hair-3268732-scaled.jpg","width":1707,"height":2560},{"@type":"BreadcrumbList","@id":"https:\/\/demo.sitestart.sk\/hairdresser\/#breadcrumb","itemListElement":[{"@type":"ListItem","position":1,"name":"Home","item":"https:\/\/demo.sitestart.sk\/hairdresser\/"},{"@type":"ListItem","position":2,"name":"Home"}]},{"@type":"WebSite","@id":"https:\/\/demo.sitestart.sk\/hairdresser\/#website","url":"https:\/\/demo.sitestart.sk\/hairdresser\/","name":"Hairdresser demo website","description":"","potentialAction":[{"@type":"SearchAction","target":{"@type":"EntryPoint","urlTemplate":"https:\/\/demo.sitestart.sk\/hairdresser\/?s={search_term_string}"},"query-input":"required name=search_term_string"}],"inLanguage":"sk-SK"}]}},"_links":{"self":[{"href":"https:\/\/demo.sitestart.sk\/hairdresser\/wp-json\/wp\/v2\/pages\/6"}],"collection":[{"href":"https:\/\/demo.sitestart.sk\/hairdresser\/wp-json\/wp\/v2\/pages"}],"about":[{"href":"https:\/\/demo.sitestart.sk\/hairdresser\/wp-json\/wp\/v2\/types\/page"}],"author":[{"embeddable":true,"href":"https:\/\/demo.sitestart.sk\/hairdresser\/wp-json\/wp\/v2\/users\/1"}],"replies":[{"embeddable":true,"href":"https:\/\/demo.sitestart.sk\/hairdresser\/wp-json\/wp\/v2\/comments?post=6"}],"version-history":[{"count":18,"href":"https:\/\/demo.sitestart.sk\/hairdresser\/wp-json\/wp\/v2\/pages\/6\/revisions"}],"predecessor-version":[{"id":92,"href":"https:\/\/demo.sitestart.sk\/hairdresser\/wp-json\/wp\/v2\/pages\/6\/revisions\/92"}],"wp:attachment":[{"href":"https:\/\/demo.sitestart.sk\/hairdresser\/wp-json\/wp\/v2\/media?parent=6"}],"curies":[{"name":"wp","href":"https:\/\/api.w.org\/{rel}","templated":true}]}}