{"id":69,"date":"2020-05-07T12:20:56","date_gmt":"2020-05-07T10:20:56","guid":{"rendered":"https:\/\/demo.sitestart.sk\/hairdresser\/?page_id=69"},"modified":"2020-05-07T12:45:59","modified_gmt":"2020-05-07T10:45:59","slug":"products","status":"publish","type":"page","link":"https:\/\/demo.sitestart.sk\/hairdresser\/products\/","title":{"rendered":"Products"},"content":{"rendered":"\n\t<h1>\n\t\t\t\tProducts\n\t\t\t<\/h1>\n\t<h2>\n\t\t\t\tDiscover the benefits of our products\n\t\t\t<\/h2>\n\t<p>Lorem ipsum dolor sit amet, consectetur adipiscing elit. Maecenas cursus sollicitudin neque in tempus. <strong>Phasellus cursus varius nibh ut rutrum.<\/strong> Donec sit amet dapibus metus. Duis quis diam vel lectus suscipit hendrerit sed eleifend diam. Pellentesque habitant morbi tristique senectus et netus et malesuada fames ac turpis egestas.<\/p>\n\t\t\t\t<img decoding=\"async\" src=\"https:\/\/demo.sitestart.sk\/hairdresser\/wp-content\/uploads\/2020\/05\/plastic-4869878_640.jpg\" alt=\"plastic-4869878_640\" title=\"plastic-4869878_640\" itemprop=\"image\"\/>\n\t\t<h3>PRODUCT<\/h3>\t\t\t\n\t\t\t\t<p>Enter description text here.<\/p>\n\t\t\t\t<img decoding=\"async\" src=\"https:\/\/demo.sitestart.sk\/hairdresser\/wp-content\/uploads\/2020\/05\/template-4386235_640.jpg\" alt=\"template-4386235_640\" title=\"template-4386235_640\" itemprop=\"image\"\/>\n\t\t<h3>PRODUCT<\/h3>\t\t\t\n\t\t\t\t<p>Enter description text here.<\/p>\n\t\t\t\t<img decoding=\"async\" src=\"https:\/\/demo.sitestart.sk\/hairdresser\/wp-content\/uploads\/2020\/05\/template-4386235_640.jpg\" alt=\"template-4386235_640\" title=\"template-4386235_640\" itemprop=\"image\"\/>\n\t\t<h3>PRODUCT<\/h3>\t\t\t\n\t\t\t\t<p>Enter description text here.<\/p>\n\t\t\t\t<img decoding=\"async\" src=\"https:\/\/demo.sitestart.sk\/hairdresser\/wp-content\/uploads\/2020\/05\/template-4386235_640.jpg\" alt=\"template-4386235_640\" title=\"template-4386235_640\" itemprop=\"image\"\/>\n\t\t<h3>PRODUCT<\/h3>\t\t\t\n\t\t\t\t<p>Enter description text here.<\/p>\n\t\t\t\t<img decoding=\"async\" src=\"https:\/\/demo.sitestart.sk\/hairdresser\/wp-content\/uploads\/2020\/05\/template-4386235_640.jpg\" alt=\"template-4386235_640\" title=\"template-4386235_640\" itemprop=\"image\"\/>\n\t\t<h3>PRODUCT<\/h3>\t\t\t\n\t\t\t\t<p>Enter description text here.<\/p>\n\t\t\t\t<img decoding=\"async\" src=\"https:\/\/demo.sitestart.sk\/hairdresser\/wp-content\/uploads\/2020\/05\/plastic-4869878_640.jpg\" alt=\"plastic-4869878_640\" title=\"plastic-4869878_640\" itemprop=\"image\"\/>\n\t\t<h3>PRODUCT<\/h3>\t\t\t\n\t\t\t\t<p>Enter description text here.<\/p>\n\t\t\t\t<img decoding=\"async\" src=\"https:\/\/demo.sitestart.sk\/hairdresser\/wp-content\/uploads\/2020\/05\/template-4386235_640.jpg\" alt=\"template-4386235_640\" title=\"template-4386235_640\" itemprop=\"image\"\/>\n\t\t<h3>PRODUCT<\/h3>\t\t\t\n\t\t\t\t<p>Enter description text here.<\/p>\n\t\t\t\t<img decoding=\"async\" src=\"https:\/\/demo.sitestart.sk\/hairdresser\/wp-content\/uploads\/2020\/05\/template-4386235_640.jpg\" alt=\"template-4386235_640\" title=\"template-4386235_640\" itemprop=\"image\"\/>\n\t\t<h3>PRODUCT<\/h3>\t\t\t\n\t\t\t\t<p>Enter description text here.<\/p>\n\t<h2>\n\t\t\t\tInterested in our products?<br>Contact us\n\t\t\t<\/h2>\n\t\t\t<a href=\"#\" target=\"_self\" role=\"button\" rel=\"noopener noreferrer\">\n\t\t\t\t\t\t\tContact us\n\t\t<\/a>\n\t<h2>\n\t\t\t\tDo not hesitate<br>to visit us\n\t\t\t<\/h2>\n\t<p>Lorem ipsum dolor sit amet, consectetur adipiscing elit. Maecenas cursus sollicitudin neque in tempus. <strong>Phasellus cursus varius nibh ut rutrum.<\/strong> Donec sit amet dapibus metus. Duis quis diam vel lectus suscipit hendrerit sed eleifend diam. Pellentesque habitant morbi tristique senectus et netus et malesuada fames ac turpis egestas.<\/p>\n\t\t\t\t<img decoding=\"async\" src=\"https:\/\/demo.sitestart.sk\/hairdresser\/wp-content\/uploads\/bb-plugin\/cache\/woman-curling-another-woman-s-hair-3268732-scaled-square.jpg\" alt=\"woman-curling-another-woman-s-hair-3268732\" title=\"woman-curling-another-woman-s-hair-3268732\" itemprop=\"image\"  \/>\n\t<h2>\n\t\t\t\tOur services\n\t\t\t<\/h2>\n\t<p>Lorem ipsum dolor sit amet, consectetur adipiscing elit. Maecenas cursus sollicitudin neque in tempus. <strong>Phasellus cursus varius nibh ut rutrum.<\/strong> Donec sit amet dapibus metus. Duis quis diam vel lectus suscipit hendrerit sed eleifend diam. Pellentesque habitant morbi tristique senectus et netus et malesuada fames ac turpis egestas.<\/p>\n\t\t\t\t\t\t\t\t\t\t\t<img decoding=\"async\" src=\"https:\/\/demo.sitestart.sk\/hairdresser\/wp-content\/uploads\/2020\/04\/men-having-their-haircut-1813272.jpg\" alt=\"men-having-their-haircut-1813272\">\n\t\t\t\t\t<p>Enter description text here.<\/p>\t\t\t\t\t\n\t\t\t<a href=\"\" target=\"_self\" role=\"button\" rel=\"noopener noreferrer\">\n\t\t\t\t\t\t\tClick Here\n\t\t<\/a>\n\t\t\t\t\t\t<h3>\n\t\t\t\t\t\tService 1\t\t<\/h3>\n\t\t\t\t\t\t\t\t\t\t\t<img decoding=\"async\" src=\"https:\/\/demo.sitestart.sk\/hairdresser\/wp-content\/uploads\/2020\/04\/woman-wearing-white-long-sleeved-shirt-973401.jpg\" alt=\"woman-wearing-white-long-sleeved-shirt-973401\">\n\t\t\t\t\t<p>Enter description text here.<\/p>\t\t\t\t\t\n\t\t\t<a href=\"\" target=\"_self\" role=\"button\" rel=\"noopener noreferrer\">\n\t\t\t\t\t\t\tClick Here\n\t\t<\/a>\n\t\t\t\t\t\t<h3>\n\t\t\t\t\t\tService 2\t\t<\/h3>\n\t\t\t\t\t\t\t\t\t\t\t<img decoding=\"async\" src=\"https:\/\/demo.sitestart.sk\/hairdresser\/wp-content\/uploads\/2020\/04\/woman-1281830_1920.jpg\" alt=\"woman-1281830_1920\">\n\t\t\t\t\t<p>Enter description text here.<\/p>\t\t\t\t\t\n\t\t\t<a href=\"\" target=\"_self\" role=\"button\" rel=\"noopener noreferrer\">\n\t\t\t\t\t\t\tClick Here\n\t\t<\/a>\n\t\t\t\t\t\t<h3>\n\t\t\t\t\t\tService 3\t\t<\/h3>\n\t<h2>\n\t\t\t\tOur gallery\n\t\t\t<\/h2>\n\t<p>Lorem ipsum dolor sit amet, consectetur adipiscing elit. Maecenas cursus sollicitudin neque in tempus. <strong>Phasellus cursus varius nibh ut rutrum.<\/strong> Donec sit amet dapibus metus. Duis quis diam vel lectus suscipit hendrerit sed eleifend diam. Pellentesque habitant morbi tristique senectus et netus et malesuada fames ac turpis egestas.<\/p>\n","protected":false},"excerpt":{"rendered":"<p>Products Discover the benefits of our products Lorem ipsum dolor sit amet, consectetur adipiscing elit. Maecenas cursus sollicitudin neque in tempus. Phasellus cursus varius nibh ut rutrum. Donec sit amet dapibus metus. Duis quis diam vel lectus suscipit hendrerit sed eleifend diam. Pellentesque habitant morbi tristique senectus et netus et malesuada fames ac turpis egestas. &#8230; <a title=\"Products\" class=\"read-more\" href=\"https:\/\/demo.sitestart.sk\/hairdresser\/products\/\" aria-label=\"Pre\u010d\u00edtajte si viac o Products\">\u010c\u00edta\u0165 viac<\/a><\/p>\n","protected":false},"author":1,"featured_media":0,"parent":0,"menu_order":0,"comment_status":"closed","ping_status":"closed","template":"","meta":{"footnotes":""},"yoast_head":"<!-- This site is optimized with the Yoast SEO plugin v22.8 - https:\/\/yoast.com\/wordpress\/plugins\/seo\/ -->\n<title>Products - Hairdresser demo website<\/title>\n<meta name=\"robots\" content=\"noindex, follow, max-snippet:-1, max-image-preview:large, max-video-preview:-1\" \/>\n<meta property=\"og:locale\" content=\"sk_SK\" \/>\n<meta property=\"og:type\" content=\"article\" \/>\n<meta property=\"og:title\" content=\"Products - Hairdresser demo website\" \/>\n<meta property=\"og:description\" content=\"Products Discover the benefits of our products Lorem ipsum dolor sit amet, consectetur adipiscing elit. Maecenas cursus sollicitudin neque in tempus. Phasellus cursus varius nibh ut rutrum. Donec sit amet dapibus metus. Duis quis diam vel lectus suscipit hendrerit sed eleifend diam. Pellentesque habitant morbi tristique senectus et netus et malesuada fames ac turpis egestas. ... \u010c\u00edta\u0165 viac\" \/>\n<meta property=\"og:url\" content=\"https:\/\/demo.sitestart.sk\/hairdresser\/products\/\" \/>\n<meta property=\"og:site_name\" content=\"Hairdresser demo website\" \/>\n<meta property=\"article:modified_time\" content=\"2020-05-07T10:45:59+00:00\" \/>\n<meta property=\"og:image\" content=\"https:\/\/demo.sitestart.sk\/hairdresser\/wp-content\/uploads\/2020\/05\/plastic-4869878_640.jpg\" \/>\n<meta name=\"twitter:card\" content=\"summary_large_image\" \/>\n<meta name=\"twitter:label1\" content=\"Predpokladan\u00fd \u010das \u010d\u00edtania\" \/>\n\t<meta name=\"twitter:data1\" content=\"1 min\u00fata\" \/>\n<script type=\"application\/ld+json\" class=\"yoast-schema-graph\">{\"@context\":\"https:\/\/schema.org\",\"@graph\":[{\"@type\":\"WebPage\",\"@id\":\"https:\/\/demo.sitestart.sk\/hairdresser\/products\/\",\"url\":\"https:\/\/demo.sitestart.sk\/hairdresser\/products\/\",\"name\":\"Products - Hairdresser demo website\",\"isPartOf\":{\"@id\":\"https:\/\/demo.sitestart.sk\/hairdresser\/#website\"},\"primaryImageOfPage\":{\"@id\":\"https:\/\/demo.sitestart.sk\/hairdresser\/products\/#primaryimage\"},\"image\":{\"@id\":\"https:\/\/demo.sitestart.sk\/hairdresser\/products\/#primaryimage\"},\"thumbnailUrl\":\"https:\/\/demo.sitestart.sk\/hairdresser\/wp-content\/uploads\/2020\/05\/plastic-4869878_640.jpg\",\"datePublished\":\"2020-05-07T10:20:56+00:00\",\"dateModified\":\"2020-05-07T10:45:59+00:00\",\"breadcrumb\":{\"@id\":\"https:\/\/demo.sitestart.sk\/hairdresser\/products\/#breadcrumb\"},\"inLanguage\":\"sk-SK\",\"potentialAction\":[{\"@type\":\"ReadAction\",\"target\":[\"https:\/\/demo.sitestart.sk\/hairdresser\/products\/\"]}]},{\"@type\":\"ImageObject\",\"inLanguage\":\"sk-SK\",\"@id\":\"https:\/\/demo.sitestart.sk\/hairdresser\/products\/#primaryimage\",\"url\":\"https:\/\/demo.sitestart.sk\/hairdresser\/wp-content\/uploads\/2020\/05\/plastic-4869878_640.jpg\",\"contentUrl\":\"https:\/\/demo.sitestart.sk\/hairdresser\/wp-content\/uploads\/2020\/05\/plastic-4869878_640.jpg\",\"width\":424,\"height\":640},{\"@type\":\"BreadcrumbList\",\"@id\":\"https:\/\/demo.sitestart.sk\/hairdresser\/products\/#breadcrumb\",\"itemListElement\":[{\"@type\":\"ListItem\",\"position\":1,\"name\":\"Home\",\"item\":\"https:\/\/demo.sitestart.sk\/hairdresser\/\"},{\"@type\":\"ListItem\",\"position\":2,\"name\":\"Products\"}]},{\"@type\":\"WebSite\",\"@id\":\"https:\/\/demo.sitestart.sk\/hairdresser\/#website\",\"url\":\"https:\/\/demo.sitestart.sk\/hairdresser\/\",\"name\":\"Hairdresser demo website\",\"description\":\"\",\"potentialAction\":[{\"@type\":\"SearchAction\",\"target\":{\"@type\":\"EntryPoint\",\"urlTemplate\":\"https:\/\/demo.sitestart.sk\/hairdresser\/?s={search_term_string}\"},\"query-input\":\"required name=search_term_string\"}],\"inLanguage\":\"sk-SK\"}]}<\/script>\n<!-- \/ Yoast SEO plugin. -->","yoast_head_json":{"title":"Products - Hairdresser demo website","robots":{"index":"noindex","follow":"follow","max-snippet":"max-snippet:-1","max-image-preview":"max-image-preview:large","max-video-preview":"max-video-preview:-1"},"og_locale":"sk_SK","og_type":"article","og_title":"Products - Hairdresser demo website","og_description":"Products Discover the benefits of our products Lorem ipsum dolor sit amet, consectetur adipiscing elit. Maecenas cursus sollicitudin neque in tempus. Phasellus cursus varius nibh ut rutrum. Donec sit amet dapibus metus. Duis quis diam vel lectus suscipit hendrerit sed eleifend diam. Pellentesque habitant morbi tristique senectus et netus et malesuada fames ac turpis egestas. ... \u010c\u00edta\u0165 viac","og_url":"https:\/\/demo.sitestart.sk\/hairdresser\/products\/","og_site_name":"Hairdresser demo website","article_modified_time":"2020-05-07T10:45:59+00:00","og_image":[{"url":"https:\/\/demo.sitestart.sk\/hairdresser\/wp-content\/uploads\/2020\/05\/plastic-4869878_640.jpg"}],"twitter_card":"summary_large_image","twitter_misc":{"Predpokladan\u00fd \u010das \u010d\u00edtania":"1 min\u00fata"},"schema":{"@context":"https:\/\/schema.org","@graph":[{"@type":"WebPage","@id":"https:\/\/demo.sitestart.sk\/hairdresser\/products\/","url":"https:\/\/demo.sitestart.sk\/hairdresser\/products\/","name":"Products - Hairdresser demo website","isPartOf":{"@id":"https:\/\/demo.sitestart.sk\/hairdresser\/#website"},"primaryImageOfPage":{"@id":"https:\/\/demo.sitestart.sk\/hairdresser\/products\/#primaryimage"},"image":{"@id":"https:\/\/demo.sitestart.sk\/hairdresser\/products\/#primaryimage"},"thumbnailUrl":"https:\/\/demo.sitestart.sk\/hairdresser\/wp-content\/uploads\/2020\/05\/plastic-4869878_640.jpg","datePublished":"2020-05-07T10:20:56+00:00","dateModified":"2020-05-07T10:45:59+00:00","breadcrumb":{"@id":"https:\/\/demo.sitestart.sk\/hairdresser\/products\/#breadcrumb"},"inLanguage":"sk-SK","potentialAction":[{"@type":"ReadAction","target":["https:\/\/demo.sitestart.sk\/hairdresser\/products\/"]}]},{"@type":"ImageObject","inLanguage":"sk-SK","@id":"https:\/\/demo.sitestart.sk\/hairdresser\/products\/#primaryimage","url":"https:\/\/demo.sitestart.sk\/hairdresser\/wp-content\/uploads\/2020\/05\/plastic-4869878_640.jpg","contentUrl":"https:\/\/demo.sitestart.sk\/hairdresser\/wp-content\/uploads\/2020\/05\/plastic-4869878_640.jpg","width":424,"height":640},{"@type":"BreadcrumbList","@id":"https:\/\/demo.sitestart.sk\/hairdresser\/products\/#breadcrumb","itemListElement":[{"@type":"ListItem","position":1,"name":"Home","item":"https:\/\/demo.sitestart.sk\/hairdresser\/"},{"@type":"ListItem","position":2,"name":"Products"}]},{"@type":"WebSite","@id":"https:\/\/demo.sitestart.sk\/hairdresser\/#website","url":"https:\/\/demo.sitestart.sk\/hairdresser\/","name":"Hairdresser demo website","description":"","potentialAction":[{"@type":"SearchAction","target":{"@type":"EntryPoint","urlTemplate":"https:\/\/demo.sitestart.sk\/hairdresser\/?s={search_term_string}"},"query-input":"required name=search_term_string"}],"inLanguage":"sk-SK"}]}},"_links":{"self":[{"href":"https:\/\/demo.sitestart.sk\/hairdresser\/wp-json\/wp\/v2\/pages\/69"}],"collection":[{"href":"https:\/\/demo.sitestart.sk\/hairdresser\/wp-json\/wp\/v2\/pages"}],"about":[{"href":"https:\/\/demo.sitestart.sk\/hairdresser\/wp-json\/wp\/v2\/types\/page"}],"author":[{"embeddable":true,"href":"https:\/\/demo.sitestart.sk\/hairdresser\/wp-json\/wp\/v2\/users\/1"}],"replies":[{"embeddable":true,"href":"https:\/\/demo.sitestart.sk\/hairdresser\/wp-json\/wp\/v2\/comments?post=69"}],"version-history":[{"count":5,"href":"https:\/\/demo.sitestart.sk\/hairdresser\/wp-json\/wp\/v2\/pages\/69\/revisions"}],"predecessor-version":[{"id":90,"href":"https:\/\/demo.sitestart.sk\/hairdresser\/wp-json\/wp\/v2\/pages\/69\/revisions\/90"}],"wp:attachment":[{"href":"https:\/\/demo.sitestart.sk\/hairdresser\/wp-json\/wp\/v2\/media?parent=69"}],"curies":[{"name":"wp","href":"https:\/\/api.w.org\/{rel}","templated":true}]}}